{"id":621,"date":"2023-08-10T12:08:47","date_gmt":"2023-08-10T18:08:47","guid":{"rendered":"https:\/\/urologiahoy.com\/procedimientos\/"},"modified":"2023-09-08T10:18:36","modified_gmt":"2023-09-08T16:18:36","slug":"procedures","status":"publish","type":"page","link":"https:\/\/urologiahoy.com\/en\/procedures\/","title":{"rendered":"Procedures"},"content":{"rendered":"\n<section class=\"wp-block-agctexdomain-wrapper-agcblocks alignwide paddingTopBottom50 paddingTopBottomTablet50 paddingTopBottomMobile50 paddingLeftRight0 paddingLeftRightTablet0 paddingLeftRightMobile0 backgroundNoRepeat backgroundCover alturaDefault\"><div class=\"container\"><div class=\"wrapper-inner-blocks\">\n<section class=\"wp-block-agctexdomain-columnas-agcblocks alignwide columnas col-1 col-1-a paddingTopBottom0 paddingTopBottomTablet0 paddingTopBottomMobile0 alturaDefault\"><div class=\"container\">\n<div class=\"wp-block-agctexdomain-columna-agcblocks Columna ag-animation css-animacionNone alineacion-vertical-top\" data-ag-animation=\"animacionNone\" style=\"text-align:left\"><div class=\"ColumnaContent paddingTopBottom0 paddingTopBottomTablet0 paddingTopBottomMobile0 paddingLeftRight20 paddingLeftRightTablet20 paddingLeftRightMobile20\"><div class=\"subpages subpages-grid grid-col-3\"><div class=\"item item-subpage\"><a href=\"https:\/\/urologiahoy.com\/en\/procedures\/lithiasis-calculi-surgery\/\">\n    <figure class=\"subpage-image\"><img loading=\"lazy\" decoding=\"async\" width=\"480\" height=\"320\" src=\"https:\/\/urologiahoy.com\/zuwoozek\/2023\/08\/cirugia-litiasis-calculospiedras-dr-andres-cabello-480x320.jpg\" class=\"attachment-galeriamasonry size-galeriamasonry wp-post-image\" alt=\"\" srcset=\"https:\/\/urologiahoy.com\/zuwoozek\/2023\/08\/cirugia-litiasis-calculospiedras-dr-andres-cabello-480x320.jpg 480w, https:\/\/urologiahoy.com\/zuwoozek\/2023\/08\/cirugia-litiasis-calculospiedras-dr-andres-cabello-300x200.jpg 300w, https:\/\/urologiahoy.com\/zuwoozek\/2023\/08\/cirugia-litiasis-calculospiedras-dr-andres-cabello.jpg 1000w\" sizes=\"auto, (max-width: 480px) 100vw, 480px\" \/><\/figure>       <div class=\"content-titulo\"><h3><span>Lithiasis\/Calculi (Stones) Surgery<\/span><\/h3>\n       <span class=\"ver-mas\"><small class=\"icono\"><svg xmlns=\"http:\/\/www.w3.org\/2000\/svg\" viewBox=\"0 0 448 512\"><path d=\"M438.6 278.6l-160 160C272.4 444.9 264.2 448 256 448s-16.38-3.125-22.62-9.375c-12.5-12.5-12.5-32.75 0-45.25L338.8 288H32C14.33 288 .0016 273.7 .0016 256S14.33 224 32 224h306.8l-105.4-105.4c-12.5-12.5-12.5-32.75 0-45.25s32.75-12.5 45.25 0l160 160C451.1 245.9 451.1 266.1 438.6 278.6z\"\/><\/svg><\/small><span>View more<\/span><\/span>\n        <\/div>\n    <\/a>  <\/div><div class=\"item item-subpage\"><a href=\"https:\/\/urologiahoy.com\/en\/procedures\/percutaneous-renal-surgery\/\">\n    <figure class=\"subpage-image\"><img loading=\"lazy\" decoding=\"async\" width=\"480\" height=\"320\" src=\"https:\/\/urologiahoy.com\/zuwoozek\/2023\/08\/cirugia-renal-percutanea-dr-andres-cabello-480x320.jpg\" class=\"attachment-galeriamasonry size-galeriamasonry wp-post-image\" alt=\"\" srcset=\"https:\/\/urologiahoy.com\/zuwoozek\/2023\/08\/cirugia-renal-percutanea-dr-andres-cabello-480x320.jpg 480w, https:\/\/urologiahoy.com\/zuwoozek\/2023\/08\/cirugia-renal-percutanea-dr-andres-cabello-300x200.jpg 300w, https:\/\/urologiahoy.com\/zuwoozek\/2023\/08\/cirugia-renal-percutanea-dr-andres-cabello.jpg 1000w\" sizes=\"auto, (max-width: 480px) 100vw, 480px\" \/><\/figure>       <div class=\"content-titulo\"><h3><span>Percutaneous Renal Surgery<\/span><\/h3>\n       <span class=\"ver-mas\"><small class=\"icono\"><svg xmlns=\"http:\/\/www.w3.org\/2000\/svg\" viewBox=\"0 0 448 512\"><path d=\"M438.6 278.6l-160 160C272.4 444.9 264.2 448 256 448s-16.38-3.125-22.62-9.375c-12.5-12.5-12.5-32.75 0-45.25L338.8 288H32C14.33 288 .0016 273.7 .0016 256S14.33 224 32 224h306.8l-105.4-105.4c-12.5-12.5-12.5-32.75 0-45.25s32.75-12.5 45.25 0l160 160C451.1 245.9 451.1 266.1 438.6 278.6z\"\/><\/svg><\/small><span>View more<\/span><\/span>\n        <\/div>\n    <\/a>  <\/div><div class=\"item item-subpage\"><a href=\"https:\/\/urologiahoy.com\/en\/procedures\/prostate-laser-surgery-holep\/\">\n    <figure class=\"subpage-image\"><img loading=\"lazy\" decoding=\"async\" width=\"480\" height=\"320\" src=\"https:\/\/urologiahoy.com\/zuwoozek\/2023\/08\/cirugia-laser-de-prostata-holep-dr-andres-cabello-480x320.jpg\" class=\"attachment-galeriamasonry size-galeriamasonry wp-post-image\" alt=\"\" srcset=\"https:\/\/urologiahoy.com\/zuwoozek\/2023\/08\/cirugia-laser-de-prostata-holep-dr-andres-cabello-480x320.jpg 480w, https:\/\/urologiahoy.com\/zuwoozek\/2023\/08\/cirugia-laser-de-prostata-holep-dr-andres-cabello-300x200.jpg 300w, https:\/\/urologiahoy.com\/zuwoozek\/2023\/08\/cirugia-laser-de-prostata-holep-dr-andres-cabello.jpg 1000w\" sizes=\"auto, (max-width: 480px) 100vw, 480px\" \/><\/figure>       <div class=\"content-titulo\"><h3><span>Prostate Laser Surgery (HoLEP)<\/span><\/h3>\n       <span class=\"ver-mas\"><small class=\"icono\"><svg xmlns=\"http:\/\/www.w3.org\/2000\/svg\" viewBox=\"0 0 448 512\"><path d=\"M438.6 278.6l-160 160C272.4 444.9 264.2 448 256 448s-16.38-3.125-22.62-9.375c-12.5-12.5-12.5-32.75 0-45.25L338.8 288H32C14.33 288 .0016 273.7 .0016 256S14.33 224 32 224h306.8l-105.4-105.4c-12.5-12.5-12.5-32.75 0-45.25s32.75-12.5 45.25 0l160 160C451.1 245.9 451.1 266.1 438.6 278.6z\"\/><\/svg><\/small><span>View more<\/span><\/span>\n        <\/div>\n    <\/a>  <\/div><\/div>\n<\/div> <\/div>\n<\/div> <div class=\"bg-forma bg-forma-display-none\"><\/div><\/section>\n<\/div><\/div> <div class=\"bg-forma\"><\/div><\/section>\n","protected":false},"excerpt":{"rendered":"","protected":false},"author":1,"featured_media":0,"parent":0,"menu_order":0,"comment_status":"closed","ping_status":"closed","template":"","meta":{"_acf_changed":false,"footnotes":""},"class_list":["post-621","page","type-page","status-publish","hentry"],"acf":[],"yoast_head":"\n<title>HoLEP, tratamiento de vanguardia para pr\u00f3stata agrandada, Cirug\u00eda l\u00e1ser HoLEP, HoLEP (Enucleacion Prostatica con l\u00e1ser de Holmio)<\/title>\n<meta name=\"description\" content=\"HoLEP, tratamiento de vanguardia para pr\u00f3stata agrandada, Cirug\u00eda l\u00e1ser HoLEP, HoLEP (Enucleacion Prostatica con l\u00e1ser de Holmio)\" \/>\n<meta name=\"robots\" content=\"index, follow, max-snippet:-1, max-image-preview:large, max-video-preview:-1\" \/>\n<link rel=\"canonical\" href=\"https:\/\/urologiahoy.com\/en\/procedures\/\" \/>\n<meta property=\"og:locale\" content=\"en_US\" \/>\n<meta property=\"og:type\" content=\"article\" \/>\n<meta property=\"og:title\" content=\"HoLEP, tratamiento de vanguardia para pr\u00f3stata agrandada, Cirug\u00eda l\u00e1ser HoLEP, HoLEP (Enucleacion Prostatica con l\u00e1ser de Holmio)\" \/>\n<meta property=\"og:description\" content=\"HoLEP, tratamiento de vanguardia para pr\u00f3stata agrandada, Cirug\u00eda l\u00e1ser HoLEP, HoLEP (Enucleacion Prostatica con l\u00e1ser de Holmio)\" \/>\n<meta property=\"og:url\" content=\"https:\/\/urologiahoy.com\/en\/procedures\/\" \/>\n<meta property=\"og:site_name\" content=\"Ur\u00f3logo Dr. Andr\u00e9s Cabello\" \/>\n<meta property=\"article:modified_time\" content=\"2023-09-08T16:18:36+00:00\" \/>\n<meta name=\"twitter:card\" content=\"summary_large_image\" \/>\n<meta name=\"twitter:label1\" content=\"Est. reading time\" \/>\n\t<meta name=\"twitter:data1\" content=\"1 minute\" \/>\n<script type=\"application\/ld+json\" class=\"yoast-schema-graph\">{\"@context\":\"https:\\\/\\\/schema.org\",\"@graph\":[{\"@type\":\"WebPage\",\"@id\":\"https:\\\/\\\/urologiahoy.com\\\/en\\\/procedures\\\/\",\"url\":\"https:\\\/\\\/urologiahoy.com\\\/en\\\/procedures\\\/\",\"name\":\"HoLEP, tratamiento de vanguardia para pr\u00f3stata agrandada, Cirug\u00eda l\u00e1ser HoLEP, HoLEP (Enucleacion Prostatica con l\u00e1ser de Holmio)\",\"isPartOf\":{\"@id\":\"https:\\\/\\\/urologiahoy.com\\\/#website\"},\"datePublished\":\"2023-08-10T18:08:47+00:00\",\"dateModified\":\"2023-09-08T16:18:36+00:00\",\"description\":\"HoLEP, tratamiento de vanguardia para pr\u00f3stata agrandada, Cirug\u00eda l\u00e1ser HoLEP, HoLEP (Enucleacion Prostatica con l\u00e1ser de Holmio)\",\"breadcrumb\":{\"@id\":\"https:\\\/\\\/urologiahoy.com\\\/en\\\/procedures\\\/#breadcrumb\"},\"inLanguage\":\"en-US\",\"potentialAction\":[{\"@type\":\"ReadAction\",\"target\":[\"https:\\\/\\\/urologiahoy.com\\\/en\\\/procedures\\\/\"]}]},{\"@type\":\"BreadcrumbList\",\"@id\":\"https:\\\/\\\/urologiahoy.com\\\/en\\\/procedures\\\/#breadcrumb\",\"itemListElement\":[{\"@type\":\"ListItem\",\"position\":1,\"name\":\"Portada\",\"item\":\"https:\\\/\\\/urologiahoy.com\\\/en\\\/\"},{\"@type\":\"ListItem\",\"position\":2,\"name\":\"Procedures\"}]},{\"@type\":\"WebSite\",\"@id\":\"https:\\\/\\\/urologiahoy.com\\\/#website\",\"url\":\"https:\\\/\\\/urologiahoy.com\\\/\",\"name\":\"Ur\u00f3logo Dr. Andr\u00e9s Cabello\",\"description\":\"Cirugia Laser de Prostata\",\"publisher\":{\"@id\":\"https:\\\/\\\/urologiahoy.com\\\/#organization\"},\"potentialAction\":[{\"@type\":\"SearchAction\",\"target\":{\"@type\":\"EntryPoint\",\"urlTemplate\":\"https:\\\/\\\/urologiahoy.com\\\/?s={search_term_string}\"},\"query-input\":{\"@type\":\"PropertyValueSpecification\",\"valueRequired\":true,\"valueName\":\"search_term_string\"}}],\"inLanguage\":\"en-US\"},{\"@type\":\"Organization\",\"@id\":\"https:\\\/\\\/urologiahoy.com\\\/#organization\",\"name\":\"Ur\u00f3logo Dr. Andr\u00e9s Cabello\",\"url\":\"https:\\\/\\\/urologiahoy.com\\\/\",\"logo\":{\"@type\":\"ImageObject\",\"inLanguage\":\"en-US\",\"@id\":\"https:\\\/\\\/urologiahoy.com\\\/#\\\/schema\\\/logo\\\/image\\\/\",\"url\":\"https:\\\/\\\/urologiahoy.com\\\/wp-content\\\/uploads\\\/2023\\\/09\\\/andrescabello.png\",\"contentUrl\":\"https:\\\/\\\/urologiahoy.com\\\/wp-content\\\/uploads\\\/2023\\\/09\\\/andrescabello.png\",\"width\":600,\"height\":116,\"caption\":\"Ur\u00f3logo Dr. Andr\u00e9s Cabello\"},\"image\":{\"@id\":\"https:\\\/\\\/urologiahoy.com\\\/#\\\/schema\\\/logo\\\/image\\\/\"},\"sameAs\":[\"https:\\\/\\\/www.linkedin.com\\\/in\\\/andrs-cabello-a4485a19a\\\/\",\"https:\\\/\\\/www.instagram.com\\\/andres.cabello85\\\/\"]}]}<\/script>\n","yoast_head_json":{"title":"HoLEP, tratamiento de vanguardia para pr\u00f3stata agrandada, Cirug\u00eda l\u00e1ser HoLEP, HoLEP (Enucleacion Prostatica con l\u00e1ser de Holmio)","description":"HoLEP, tratamiento de vanguardia para pr\u00f3stata agrandada, Cirug\u00eda l\u00e1ser HoLEP, HoLEP (Enucleacion Prostatica con l\u00e1ser de Holmio)","robots":{"index":"index","follow":"follow","max-snippet":"max-snippet:-1","max-image-preview":"max-image-preview:large","max-video-preview":"max-video-preview:-1"},"canonical":"https:\/\/urologiahoy.com\/en\/procedures\/","og_locale":"en_US","og_type":"article","og_title":"HoLEP, tratamiento de vanguardia para pr\u00f3stata agrandada, Cirug\u00eda l\u00e1ser HoLEP, HoLEP (Enucleacion Prostatica con l\u00e1ser de Holmio)","og_description":"HoLEP, tratamiento de vanguardia para pr\u00f3stata agrandada, Cirug\u00eda l\u00e1ser HoLEP, HoLEP (Enucleacion Prostatica con l\u00e1ser de Holmio)","og_url":"https:\/\/urologiahoy.com\/en\/procedures\/","og_site_name":"Ur\u00f3logo Dr. Andr\u00e9s Cabello","article_modified_time":"2023-09-08T16:18:36+00:00","twitter_card":"summary_large_image","twitter_misc":{"Est. reading time":"1 minute"},"schema":{"@context":"https:\/\/schema.org","@graph":[{"@type":"WebPage","@id":"https:\/\/urologiahoy.com\/en\/procedures\/","url":"https:\/\/urologiahoy.com\/en\/procedures\/","name":"HoLEP, tratamiento de vanguardia para pr\u00f3stata agrandada, Cirug\u00eda l\u00e1ser HoLEP, HoLEP (Enucleacion Prostatica con l\u00e1ser de Holmio)","isPartOf":{"@id":"https:\/\/urologiahoy.com\/#website"},"datePublished":"2023-08-10T18:08:47+00:00","dateModified":"2023-09-08T16:18:36+00:00","description":"HoLEP, tratamiento de vanguardia para pr\u00f3stata agrandada, Cirug\u00eda l\u00e1ser HoLEP, HoLEP (Enucleacion Prostatica con l\u00e1ser de Holmio)","breadcrumb":{"@id":"https:\/\/urologiahoy.com\/en\/procedures\/#breadcrumb"},"inLanguage":"en-US","potentialAction":[{"@type":"ReadAction","target":["https:\/\/urologiahoy.com\/en\/procedures\/"]}]},{"@type":"BreadcrumbList","@id":"https:\/\/urologiahoy.com\/en\/procedures\/#breadcrumb","itemListElement":[{"@type":"ListItem","position":1,"name":"Portada","item":"https:\/\/urologiahoy.com\/en\/"},{"@type":"ListItem","position":2,"name":"Procedures"}]},{"@type":"WebSite","@id":"https:\/\/urologiahoy.com\/#website","url":"https:\/\/urologiahoy.com\/","name":"Ur\u00f3logo Dr. Andr\u00e9s Cabello","description":"Cirugia Laser de Prostata","publisher":{"@id":"https:\/\/urologiahoy.com\/#organization"},"potentialAction":[{"@type":"SearchAction","target":{"@type":"EntryPoint","urlTemplate":"https:\/\/urologiahoy.com\/?s={search_term_string}"},"query-input":{"@type":"PropertyValueSpecification","valueRequired":true,"valueName":"search_term_string"}}],"inLanguage":"en-US"},{"@type":"Organization","@id":"https:\/\/urologiahoy.com\/#organization","name":"Ur\u00f3logo Dr. Andr\u00e9s Cabello","url":"https:\/\/urologiahoy.com\/","logo":{"@type":"ImageObject","inLanguage":"en-US","@id":"https:\/\/urologiahoy.com\/#\/schema\/logo\/image\/","url":"https:\/\/urologiahoy.com\/zuwoozek\/2023\/09\/andrescabello.png","contentUrl":"https:\/\/urologiahoy.com\/zuwoozek\/2023\/09\/andrescabello.png","width":600,"height":116,"caption":"Ur\u00f3logo Dr. Andr\u00e9s Cabello"},"image":{"@id":"https:\/\/urologiahoy.com\/#\/schema\/logo\/image\/"},"sameAs":["https:\/\/www.linkedin.com\/in\/andrs-cabello-a4485a19a\/","https:\/\/www.instagram.com\/andres.cabello85\/"]}]}},"_links":{"self":[{"href":"https:\/\/urologiahoy.com\/en\/wp-json\/wp\/v2\/pages\/621","targetHints":{"allow":["GET"]}}],"collection":[{"href":"https:\/\/urologiahoy.com\/en\/wp-json\/wp\/v2\/pages"}],"about":[{"href":"https:\/\/urologiahoy.com\/en\/wp-json\/wp\/v2\/types\/page"}],"author":[{"embeddable":true,"href":"https:\/\/urologiahoy.com\/en\/wp-json\/wp\/v2\/users\/1"}],"replies":[{"embeddable":true,"href":"https:\/\/urologiahoy.com\/en\/wp-json\/wp\/v2\/comments?post=621"}],"version-history":[{"count":2,"href":"https:\/\/urologiahoy.com\/en\/wp-json\/wp\/v2\/pages\/621\/revisions"}],"predecessor-version":[{"id":653,"href":"https:\/\/urologiahoy.com\/en\/wp-json\/wp\/v2\/pages\/621\/revisions\/653"}],"wp:attachment":[{"href":"https:\/\/urologiahoy.com\/en\/wp-json\/wp\/v2\/media?parent=621"}],"curies":[{"name":"wp","href":"https:\/\/api.w.org\/{rel}","templated":true}]}}